{"id":666,"date":"2025-01-17T18:49:40","date_gmt":"2025-01-17T17:49:40","guid":{"rendered":"https:\/\/miglab.umcs.pl\/?page_id=666"},"modified":"2025-07-14T08:12:02","modified_gmt":"2025-07-14T07:12:02","slug":"lokalna-polityka-integracyjna-miniatura-ncn","status":"publish","type":"page","link":"https:\/\/miglab.umcs.pl\/pl\/index.php\/projekty\/lokalna-polityka-integracyjna-miniatura-ncn\/","title":{"rendered":"LOKALNA POLITYKA INTEGRACYJNA (MINIATURA NCN)"},"content":{"rendered":"\n<p>Projekt <strong>\u201eWsp\u00f3\u0142tworzenie i wykorzystywanie wiedzy naukowej w obszarze polityk publicznych. Studium przypadku diagnozy spo\u0142ecznej realizowanej na potrzeby Urz\u0119du Miasta Lublin.\u201d<\/strong> Projekt realizowany w&nbsp;ramach konkursu Narodowego Centrum Nauki MINIATURA 7 (numer 2023\/07\/X\/HS6\/01562).<\/p>\n\n\n\n<p>Kierownik: <strong>dr Andrzej Stawicki<\/strong><\/p>\n\n\n\n<p>Projekt realizowany jest metod\u0105 bada\u0144 w dzia\u0142aniu (Action Research), kt\u00f3re polegaj\u0105 na wsp\u00f3\u0142pracy z podmiotami zaanga\u017cowanymi w tworzenie polityki integracyjnej dla Lublina. Obszarem wsp\u00f3\u0142pracy s\u0105 badania diagnostyczne dotycz\u0105ce postaw mieszka\u0144c\u00f3w Lublina wobec migrant\u00f3w i uchod\u017ac\u00f3w zamieszkuj\u0105cych na jego terenie, maj\u0105ce na celu zapewnienie trafno\u015bci planowanych dzia\u0142a\u0144 w ramach polityki integracyjnej. G\u0142\u00f3wnym celem bada\u0144 jest natomiast identyfikacja czynnik\u00f3w sprzyjaj\u0105cych efektywnej wsp\u00f3\u0142pracy mi\u0119dzy nauk\u0105 a miejskim systemem polityk publicznych oraz okre\u015blenie uwarunkowa\u0144 synergii wynikaj\u0105cej z tej wsp\u00f3\u0142pracy.<\/p>\n\n\n\n<p>Badanie diagnostyczne ma charakter ilo\u015bciowy i zosta\u0142o przeprowadzone na reprezentatywnej&nbsp;pr\u00f3bie&nbsp;mieszka\u0144c\u00f3w Lublina (N=600) technik\u0105&nbsp;CAPI (Computer Assisted Personal Interview).<\/p>\n\n\n\n<p>Zach\u0119camy do zapoznania si\u0119 z raportem!<\/p>\n\n\n\n<div data-wp-interactive=\"core\/file\" class=\"wp-block-file\"><object data-wp-bind--hidden=\"!state.hasPdfPreview\" hidden class=\"wp-block-file__embed\" data=\"https:\/\/miglab.umcs.pl\/wp-content\/uploads\/2025\/07\/LUBLIN-WOBEC-WYZWAN-INTEGRACJI-_Raport-z-badania_final_2025.pdf\" type=\"application\/pdf\" style=\"width:100%;height:600px\" aria-label=\"Osadzone z LUBLIN WOBEC WYZWA\u0143 INTEGRACJI _Raport z badania_final_2025.\"><\/object><a id=\"wp-block-file--media-1835451c-6854-48d4-a15d-e2352d93e458\" href=\"https:\/\/miglab.umcs.pl\/wp-content\/uploads\/2025\/07\/LUBLIN-WOBEC-WYZWAN-INTEGRACJI-_Raport-z-badania_final_2025.pdf\">LUBLIN WOBEC WYZWA\u0143 INTEGRACJI _Raport z badania_final_2025<\/a><a href=\"https:\/\/miglab.umcs.pl\/wp-content\/uploads\/2025\/07\/LUBLIN-WOBEC-WYZWAN-INTEGRACJI-_Raport-z-badania_final_2025.pdf\" class=\"wp-block-file__button wp-element-button\" download aria-describedby=\"wp-block-file--media-1835451c-6854-48d4-a15d-e2352d93e458\">Pobierz<\/a><\/div>\n","protected":false},"excerpt":{"rendered":"<p>Projekt \u201eWsp\u00f3\u0142tworzenie i wykorzystywanie wiedzy naukowej w obszarze polityk publicznych. Studium przypadku diagnozy spo\u0142ecznej realizowanej na potrzeby Urz\u0119du Miasta Lublin.\u201d Projekt realizowany w&nbsp;ramach konkursu Narodowego Centrum Nauki MINIATURA 7 (numer 2023\/07\/X\/HS6\/01562). Kierownik: dr Andrzej Stawicki Projekt realizowany jest metod\u0105 bada\u0144 w dzia\u0142aniu (Action Research), kt\u00f3re polegaj\u0105 na wsp\u00f3\u0142pracy z podmiotami zaanga\u017cowanymi w tworzenie polityki integracyjnej &#8230; <a title=\"LOKALNA POLITYKA INTEGRACYJNA (MINIATURA NCN)\" class=\"read-more\" href=\"https:\/\/miglab.umcs.pl\/pl\/index.php\/projekty\/lokalna-polityka-integracyjna-miniatura-ncn\/\" aria-label=\"Dowiedz si\u0119 wi\u0119cej o LOKALNA POLITYKA INTEGRACYJNA (MINIATURA NCN)\">Dowiedz si\u0119 wi\u0119cej<\/a><\/p>\n","protected":false},"author":3,"featured_media":0,"parent":244,"menu_order":0,"comment_status":"closed","ping_status":"closed","template":"","meta":{"_themeisle_gutenberg_block_has_review":false,"footnotes":""},"class_list":["post-666","page","type-page","status-publish"],"translation":{"provider":"WPGlobus","version":"3.0.2","language":"pl","enabled_languages":["en","pl"],"languages":{"en":{"title":true,"content":true,"excerpt":false},"pl":{"title":false,"content":false,"excerpt":false}}},"yoast_head":"<!-- This site is optimized with the Yoast SEO plugin v27.2 - https:\/\/yoast.com\/product\/yoast-seo-wordpress\/ -->\n<title>LOKALNA POLITYKA INTEGRACYJNA (MINIATURA NCN) - MigLab<\/title>\n<meta name=\"robots\" content=\"index, follow, max-snippet:-1, max-image-preview:large, max-video-preview:-1\" \/>\n<link rel=\"canonical\" href=\"https:\/\/miglab.umcs.pl\/index.php\/projekty\/lokalna-polityka-integracyjna-miniatura-ncn\/\" \/>\n<meta property=\"og:locale\" content=\"pl_PL\" \/>\n<meta property=\"og:type\" content=\"article\" \/>\n<meta property=\"og:title\" content=\"LOKALNA POLITYKA INTEGRACYJNA (MINIATURA NCN) - MigLab\" \/>\n<meta property=\"og:url\" content=\"https:\/\/miglab.umcs.pl\/index.php\/projekty\/lokalna-polityka-integracyjna-miniatura-ncn\/\" \/>\n<meta property=\"og:site_name\" content=\"MigLab\" \/>\n<meta property=\"article:modified_time\" content=\"2025-07-14T07:12:02+00:00\" \/>\n<meta name=\"twitter:card\" content=\"summary_large_image\" \/>\n<meta name=\"twitter:label1\" content=\"Szacowany czas czytania\" \/>\n\t<meta name=\"twitter:data1\" content=\"1 minuta\" \/>\n<script type=\"application\/ld+json\" class=\"yoast-schema-graph\">{\"@context\":\"https:\/\/schema.org\",\"@graph\":[{\"@type\":\"WebPage\",\"@id\":\"https:\/\/miglab.umcs.pl\/index.php\/projekty\/lokalna-polityka-integracyjna-miniatura-ncn\/\",\"url\":\"https:\/\/miglab.umcs.pl\/index.php\/projekty\/lokalna-polityka-integracyjna-miniatura-ncn\/\",\"name\":\"LOKALNA POLITYKA INTEGRACYJNA (MINIATURA NCN) - MigLab\",\"isPartOf\":{\"@id\":\"https:\/\/miglab.umcs.pl\/#website\"},\"datePublished\":\"2025-01-17T17:49:40+00:00\",\"dateModified\":\"2025-07-14T07:12:02+00:00\",\"breadcrumb\":{\"@id\":\"https:\/\/miglab.umcs.pl\/index.php\/projekty\/lokalna-polityka-integracyjna-miniatura-ncn\/#breadcrumb\"},\"inLanguage\":\"pl-PL\",\"potentialAction\":[{\"@type\":\"ReadAction\",\"target\":[\"https:\/\/miglab.umcs.pl\/index.php\/projekty\/lokalna-polityka-integracyjna-miniatura-ncn\/\"]}]},{\"@type\":\"BreadcrumbList\",\"@id\":\"https:\/\/miglab.umcs.pl\/index.php\/projekty\/lokalna-polityka-integracyjna-miniatura-ncn\/#breadcrumb\",\"itemListElement\":[{\"@type\":\"ListItem\",\"position\":1,\"name\":\"Strona g\u0142\u00f3wna\",\"item\":\"https:\/\/miglab.umcs.pl\/\"},{\"@type\":\"ListItem\",\"position\":2,\"name\":\"Projekty\",\"item\":\"https:\/\/miglab.umcs.pl\/index.php\/projekty\/\"},{\"@type\":\"ListItem\",\"position\":3,\"name\":\"LOKALNA POLITYKA INTEGRACYJNA (MINIATURA NCN)\"}]},{\"@type\":\"WebSite\",\"@id\":\"https:\/\/miglab.umcs.pl\/#website\",\"url\":\"https:\/\/miglab.umcs.pl\/\",\"name\":\"MigLab\",\"description\":\"Zesp\u00f3\u0142 Badawczy: Procesy migracyjne w perspektywie lokalnej\",\"publisher\":{\"@id\":\"https:\/\/miglab.umcs.pl\/#organization\"},\"potentialAction\":[{\"@type\":\"SearchAction\",\"target\":{\"@type\":\"EntryPoint\",\"urlTemplate\":\"https:\/\/miglab.umcs.pl\/?s={search_term_string}\"},\"query-input\":{\"@type\":\"PropertyValueSpecification\",\"valueRequired\":true,\"valueName\":\"search_term_string\"}}],\"inLanguage\":\"pl-PL\"},{\"@type\":\"Organization\",\"@id\":\"https:\/\/miglab.umcs.pl\/#organization\",\"name\":\"MigLab\",\"url\":\"https:\/\/miglab.umcs.pl\/\",\"logo\":{\"@type\":\"ImageObject\",\"inLanguage\":\"pl-PL\",\"@id\":\"https:\/\/miglab.umcs.pl\/#\/schema\/logo\/image\/\",\"url\":\"https:\/\/miglab.umcs.pl\/wp-content\/uploads\/2024\/03\/logo-miglab-vector-path-umcs1.svg\",\"contentUrl\":\"https:\/\/miglab.umcs.pl\/wp-content\/uploads\/2024\/03\/logo-miglab-vector-path-umcs1.svg\",\"width\":300,\"height\":120,\"caption\":\"MigLab\"},\"image\":{\"@id\":\"https:\/\/miglab.umcs.pl\/#\/schema\/logo\/image\/\"}}]}<\/script>\n<!-- \/ Yoast SEO plugin. -->","yoast_head_json":{"title":"LOKALNA POLITYKA INTEGRACYJNA (MINIATURA NCN) - MigLab","robots":{"index":"index","follow":"follow","max-snippet":"max-snippet:-1","max-image-preview":"max-image-preview:large","max-video-preview":"max-video-preview:-1"},"canonical":"https:\/\/miglab.umcs.pl\/index.php\/projekty\/lokalna-polityka-integracyjna-miniatura-ncn\/","og_locale":"pl_PL","og_type":"article","og_title":"LOKALNA POLITYKA INTEGRACYJNA (MINIATURA NCN) - MigLab","og_url":"https:\/\/miglab.umcs.pl\/index.php\/projekty\/lokalna-polityka-integracyjna-miniatura-ncn\/","og_site_name":"MigLab","article_modified_time":"2025-07-14T07:12:02+00:00","twitter_card":"summary_large_image","twitter_misc":{"Szacowany czas czytania":"1 minuta"},"schema":{"@context":"https:\/\/schema.org","@graph":[{"@type":"WebPage","@id":"https:\/\/miglab.umcs.pl\/index.php\/projekty\/lokalna-polityka-integracyjna-miniatura-ncn\/","url":"https:\/\/miglab.umcs.pl\/index.php\/projekty\/lokalna-polityka-integracyjna-miniatura-ncn\/","name":"LOKALNA POLITYKA INTEGRACYJNA (MINIATURA NCN) - MigLab","isPartOf":{"@id":"https:\/\/miglab.umcs.pl\/#website"},"datePublished":"2025-01-17T17:49:40+00:00","dateModified":"2025-07-14T07:12:02+00:00","breadcrumb":{"@id":"https:\/\/miglab.umcs.pl\/index.php\/projekty\/lokalna-polityka-integracyjna-miniatura-ncn\/#breadcrumb"},"inLanguage":"pl-PL","potentialAction":[{"@type":"ReadAction","target":["https:\/\/miglab.umcs.pl\/index.php\/projekty\/lokalna-polityka-integracyjna-miniatura-ncn\/"]}]},{"@type":"BreadcrumbList","@id":"https:\/\/miglab.umcs.pl\/index.php\/projekty\/lokalna-polityka-integracyjna-miniatura-ncn\/#breadcrumb","itemListElement":[{"@type":"ListItem","position":1,"name":"Strona g\u0142\u00f3wna","item":"https:\/\/miglab.umcs.pl\/"},{"@type":"ListItem","position":2,"name":"Projekty","item":"https:\/\/miglab.umcs.pl\/index.php\/projekty\/"},{"@type":"ListItem","position":3,"name":"LOKALNA POLITYKA INTEGRACYJNA (MINIATURA NCN)"}]},{"@type":"WebSite","@id":"https:\/\/miglab.umcs.pl\/#website","url":"https:\/\/miglab.umcs.pl\/","name":"MigLab","description":"Zesp\u00f3\u0142 Badawczy: Procesy migracyjne w perspektywie lokalnej","publisher":{"@id":"https:\/\/miglab.umcs.pl\/#organization"},"potentialAction":[{"@type":"SearchAction","target":{"@type":"EntryPoint","urlTemplate":"https:\/\/miglab.umcs.pl\/?s={search_term_string}"},"query-input":{"@type":"PropertyValueSpecification","valueRequired":true,"valueName":"search_term_string"}}],"inLanguage":"pl-PL"},{"@type":"Organization","@id":"https:\/\/miglab.umcs.pl\/#organization","name":"MigLab","url":"https:\/\/miglab.umcs.pl\/","logo":{"@type":"ImageObject","inLanguage":"pl-PL","@id":"https:\/\/miglab.umcs.pl\/#\/schema\/logo\/image\/","url":"https:\/\/miglab.umcs.pl\/wp-content\/uploads\/2024\/03\/logo-miglab-vector-path-umcs1.svg","contentUrl":"https:\/\/miglab.umcs.pl\/wp-content\/uploads\/2024\/03\/logo-miglab-vector-path-umcs1.svg","width":300,"height":120,"caption":"MigLab"},"image":{"@id":"https:\/\/miglab.umcs.pl\/#\/schema\/logo\/image\/"}}]}},"_links":{"self":[{"href":"https:\/\/miglab.umcs.pl\/pl\/index.php\/wp-json\/wp\/v2\/pages\/666","targetHints":{"allow":["GET"]}}],"collection":[{"href":"https:\/\/miglab.umcs.pl\/pl\/index.php\/wp-json\/wp\/v2\/pages"}],"about":[{"href":"https:\/\/miglab.umcs.pl\/pl\/index.php\/wp-json\/wp\/v2\/types\/page"}],"author":[{"embeddable":true,"href":"https:\/\/miglab.umcs.pl\/pl\/index.php\/wp-json\/wp\/v2\/users\/3"}],"replies":[{"embeddable":true,"href":"https:\/\/miglab.umcs.pl\/pl\/index.php\/wp-json\/wp\/v2\/comments?post=666"}],"version-history":[{"count":4,"href":"https:\/\/miglab.umcs.pl\/pl\/index.php\/wp-json\/wp\/v2\/pages\/666\/revisions"}],"predecessor-version":[{"id":752,"href":"https:\/\/miglab.umcs.pl\/pl\/index.php\/wp-json\/wp\/v2\/pages\/666\/revisions\/752"}],"up":[{"embeddable":true,"href":"https:\/\/miglab.umcs.pl\/pl\/index.php\/wp-json\/wp\/v2\/pages\/244"}],"wp:attachment":[{"href":"https:\/\/miglab.umcs.pl\/pl\/index.php\/wp-json\/wp\/v2\/media?parent=666"}],"curies":[{"name":"wp","href":"https:\/\/api.w.org\/{rel}","templated":true}]}}