{"id":244,"date":"2020-03-24T10:44:03","date_gmt":"2020-03-24T10:44:03","guid":{"rendered":"https:\/\/demosites.io\/rokophoto-gb\/?page_id=114"},"modified":"2025-01-17T11:29:08","modified_gmt":"2025-01-17T10:29:08","slug":"projekty","status":"publish","type":"page","link":"https:\/\/miglab.umcs.pl\/pl\/index.php\/projekty\/","title":{"rendered":"Projekty"},"content":{"rendered":"\n<div id=\"wp-block-themeisle-blocks-advanced-columns-39ba9f58\" class=\"wp-block-themeisle-blocks-advanced-columns alignfull has-1-columns has-desktop-equal-layout has-tablet-equal-layout has-mobile-collapsedRows-layout has-vertical-center\"><div class=\"wp-block-themeisle-blocks-advanced-columns-overlay\"><\/div><div class=\"innerblocks-wrap\">\n<div id=\"wp-block-themeisle-blocks-advanced-column-31062c3d\" class=\"wp-block-themeisle-blocks-advanced-column\">\n<p>W ramach MigLab realizujemy projekty badawcze w\u0142asne i we wsp\u00f3\u0142pracy z instytucjami zewn\u0119trznymi. <\/p>\n\n\n\n<p>Wi\u0119cej informacji w zak\u0142adkach.<\/p>\n<\/div>\n<\/div><\/div>\n\n\n\n<p><\/p>\n","protected":false},"excerpt":{"rendered":"","protected":false},"author":2,"featured_media":0,"parent":0,"menu_order":0,"comment_status":"closed","ping_status":"closed","template":"","meta":{"_themeisle_gutenberg_block_has_review":false,"footnotes":""},"class_list":["post-244","page","type-page","status-publish"],"translation":{"provider":"WPGlobus","version":"3.0.2","language":"pl","enabled_languages":["en","pl"],"languages":{"en":{"title":true,"content":true,"excerpt":false},"pl":{"title":false,"content":false,"excerpt":false}}},"yoast_head":"<!-- This site is optimized with the Yoast SEO plugin v27.2 - https:\/\/yoast.com\/product\/yoast-seo-wordpress\/ -->\n<title>Projekty - MigLab<\/title>\n<meta name=\"robots\" content=\"index, follow, max-snippet:-1, max-image-preview:large, max-video-preview:-1\" \/>\n<link rel=\"canonical\" href=\"https:\/\/miglab.umcs.pl\/index.php\/projekty\/\" \/>\n<meta property=\"og:locale\" content=\"pl_PL\" \/>\n<meta property=\"og:type\" content=\"article\" \/>\n<meta property=\"og:title\" content=\"Projekty - MigLab\" \/>\n<meta property=\"og:url\" content=\"https:\/\/miglab.umcs.pl\/index.php\/projekty\/\" \/>\n<meta property=\"og:site_name\" content=\"MigLab\" \/>\n<meta property=\"article:modified_time\" content=\"2025-01-17T10:29:08+00:00\" \/>\n<meta name=\"twitter:card\" content=\"summary_large_image\" \/>\n<meta name=\"twitter:label1\" content=\"Szacowany czas czytania\" \/>\n\t<meta name=\"twitter:data1\" content=\"1 minuta\" \/>\n<script type=\"application\/ld+json\" class=\"yoast-schema-graph\">{\"@context\":\"https:\/\/schema.org\",\"@graph\":[{\"@type\":\"WebPage\",\"@id\":\"https:\/\/miglab.umcs.pl\/index.php\/projekty\/\",\"url\":\"https:\/\/miglab.umcs.pl\/index.php\/projekty\/\",\"name\":\"Projekty - MigLab\",\"isPartOf\":{\"@id\":\"https:\/\/miglab.umcs.pl\/#website\"},\"datePublished\":\"2020-03-24T10:44:03+00:00\",\"dateModified\":\"2025-01-17T10:29:08+00:00\",\"breadcrumb\":{\"@id\":\"https:\/\/miglab.umcs.pl\/index.php\/projekty\/#breadcrumb\"},\"inLanguage\":\"pl-PL\",\"potentialAction\":[{\"@type\":\"ReadAction\",\"target\":[\"https:\/\/miglab.umcs.pl\/index.php\/projekty\/\"]}]},{\"@type\":\"BreadcrumbList\",\"@id\":\"https:\/\/miglab.umcs.pl\/index.php\/projekty\/#breadcrumb\",\"itemListElement\":[{\"@type\":\"ListItem\",\"position\":1,\"name\":\"Strona g\u0142\u00f3wna\",\"item\":\"https:\/\/miglab.umcs.pl\/\"},{\"@type\":\"ListItem\",\"position\":2,\"name\":\"Projekty\"}]},{\"@type\":\"WebSite\",\"@id\":\"https:\/\/miglab.umcs.pl\/#website\",\"url\":\"https:\/\/miglab.umcs.pl\/\",\"name\":\"MigLab\",\"description\":\"Zesp\u00f3\u0142 Badawczy: Procesy migracyjne w perspektywie lokalnej\",\"publisher\":{\"@id\":\"https:\/\/miglab.umcs.pl\/#organization\"},\"potentialAction\":[{\"@type\":\"SearchAction\",\"target\":{\"@type\":\"EntryPoint\",\"urlTemplate\":\"https:\/\/miglab.umcs.pl\/?s={search_term_string}\"},\"query-input\":{\"@type\":\"PropertyValueSpecification\",\"valueRequired\":true,\"valueName\":\"search_term_string\"}}],\"inLanguage\":\"pl-PL\"},{\"@type\":\"Organization\",\"@id\":\"https:\/\/miglab.umcs.pl\/#organization\",\"name\":\"MigLab\",\"url\":\"https:\/\/miglab.umcs.pl\/\",\"logo\":{\"@type\":\"ImageObject\",\"inLanguage\":\"pl-PL\",\"@id\":\"https:\/\/miglab.umcs.pl\/#\/schema\/logo\/image\/\",\"url\":\"https:\/\/miglab.umcs.pl\/wp-content\/uploads\/2024\/03\/logo-miglab-vector-path-umcs1.svg\",\"contentUrl\":\"https:\/\/miglab.umcs.pl\/wp-content\/uploads\/2024\/03\/logo-miglab-vector-path-umcs1.svg\",\"width\":300,\"height\":120,\"caption\":\"MigLab\"},\"image\":{\"@id\":\"https:\/\/miglab.umcs.pl\/#\/schema\/logo\/image\/\"}}]}<\/script>\n<!-- \/ Yoast SEO plugin. -->","yoast_head_json":{"title":"Projekty - MigLab","robots":{"index":"index","follow":"follow","max-snippet":"max-snippet:-1","max-image-preview":"max-image-preview:large","max-video-preview":"max-video-preview:-1"},"canonical":"https:\/\/miglab.umcs.pl\/index.php\/projekty\/","og_locale":"pl_PL","og_type":"article","og_title":"Projekty - MigLab","og_url":"https:\/\/miglab.umcs.pl\/index.php\/projekty\/","og_site_name":"MigLab","article_modified_time":"2025-01-17T10:29:08+00:00","twitter_card":"summary_large_image","twitter_misc":{"Szacowany czas czytania":"1 minuta"},"schema":{"@context":"https:\/\/schema.org","@graph":[{"@type":"WebPage","@id":"https:\/\/miglab.umcs.pl\/index.php\/projekty\/","url":"https:\/\/miglab.umcs.pl\/index.php\/projekty\/","name":"Projekty - MigLab","isPartOf":{"@id":"https:\/\/miglab.umcs.pl\/#website"},"datePublished":"2020-03-24T10:44:03+00:00","dateModified":"2025-01-17T10:29:08+00:00","breadcrumb":{"@id":"https:\/\/miglab.umcs.pl\/index.php\/projekty\/#breadcrumb"},"inLanguage":"pl-PL","potentialAction":[{"@type":"ReadAction","target":["https:\/\/miglab.umcs.pl\/index.php\/projekty\/"]}]},{"@type":"BreadcrumbList","@id":"https:\/\/miglab.umcs.pl\/index.php\/projekty\/#breadcrumb","itemListElement":[{"@type":"ListItem","position":1,"name":"Strona g\u0142\u00f3wna","item":"https:\/\/miglab.umcs.pl\/"},{"@type":"ListItem","position":2,"name":"Projekty"}]},{"@type":"WebSite","@id":"https:\/\/miglab.umcs.pl\/#website","url":"https:\/\/miglab.umcs.pl\/","name":"MigLab","description":"Zesp\u00f3\u0142 Badawczy: Procesy migracyjne w perspektywie lokalnej","publisher":{"@id":"https:\/\/miglab.umcs.pl\/#organization"},"potentialAction":[{"@type":"SearchAction","target":{"@type":"EntryPoint","urlTemplate":"https:\/\/miglab.umcs.pl\/?s={search_term_string}"},"query-input":{"@type":"PropertyValueSpecification","valueRequired":true,"valueName":"search_term_string"}}],"inLanguage":"pl-PL"},{"@type":"Organization","@id":"https:\/\/miglab.umcs.pl\/#organization","name":"MigLab","url":"https:\/\/miglab.umcs.pl\/","logo":{"@type":"ImageObject","inLanguage":"pl-PL","@id":"https:\/\/miglab.umcs.pl\/#\/schema\/logo\/image\/","url":"https:\/\/miglab.umcs.pl\/wp-content\/uploads\/2024\/03\/logo-miglab-vector-path-umcs1.svg","contentUrl":"https:\/\/miglab.umcs.pl\/wp-content\/uploads\/2024\/03\/logo-miglab-vector-path-umcs1.svg","width":300,"height":120,"caption":"MigLab"},"image":{"@id":"https:\/\/miglab.umcs.pl\/#\/schema\/logo\/image\/"}}]}},"_links":{"self":[{"href":"https:\/\/miglab.umcs.pl\/pl\/index.php\/wp-json\/wp\/v2\/pages\/244","targetHints":{"allow":["GET"]}}],"collection":[{"href":"https:\/\/miglab.umcs.pl\/pl\/index.php\/wp-json\/wp\/v2\/pages"}],"about":[{"href":"https:\/\/miglab.umcs.pl\/pl\/index.php\/wp-json\/wp\/v2\/types\/page"}],"author":[{"embeddable":true,"href":"https:\/\/miglab.umcs.pl\/pl\/index.php\/wp-json\/wp\/v2\/users\/2"}],"replies":[{"embeddable":true,"href":"https:\/\/miglab.umcs.pl\/pl\/index.php\/wp-json\/wp\/v2\/comments?post=244"}],"version-history":[{"count":5,"href":"https:\/\/miglab.umcs.pl\/pl\/index.php\/wp-json\/wp\/v2\/pages\/244\/revisions"}],"predecessor-version":[{"id":663,"href":"https:\/\/miglab.umcs.pl\/pl\/index.php\/wp-json\/wp\/v2\/pages\/244\/revisions\/663"}],"wp:attachment":[{"href":"https:\/\/miglab.umcs.pl\/pl\/index.php\/wp-json\/wp\/v2\/media?parent=244"}],"curies":[{"name":"wp","href":"https:\/\/api.w.org\/{rel}","templated":true}]}}