{"id":148,"date":"2020-03-26T01:54:11","date_gmt":"2020-03-26T01:54:11","guid":{"rendered":"https:\/\/demosites.io\/rokophoto-gb\/?page_id=148"},"modified":"2022-09-26T21:47:00","modified_gmt":"2022-09-26T20:47:00","slug":"kontakt","status":"publish","type":"page","link":"https:\/\/miglab.umcs.pl\/pl\/index.php\/kontakt\/","title":{"rendered":"Contact"},"content":{"rendered":"\n<div style=\"height:100px\" aria-hidden=\"true\" class=\"wp-block-spacer\"><\/div>\n\n\n\n<h2 id=\"wp-block-themeisle-blocks-advanced-heading-aa56245c\" class=\"wp-block-themeisle-blocks-advanced-heading wp-block-themeisle-blocks-advanced-heading-aa56245c\">Skontaktuj si\u0119 z nami<\/h2>\n\n\n\n<div id=\"wp-block-themeisle-blocks-advanced-columns-0f47d32c\" class=\"wp-block-themeisle-blocks-advanced-columns has-2-columns has-desktop-oneTwo-layout has-tablet-equal-layout has-mobile-equal-layout has-vertical-unset\"><div class=\"wp-block-themeisle-blocks-advanced-columns-overlay\"><\/div><div class=\"innerblocks-wrap\">\n<div id=\"wp-block-themeisle-blocks-advanced-column-b57b13f3\" class=\"wp-block-themeisle-blocks-advanced-column\">\n<div id=\"wp-block-themeisle-blocks-button-group-3b52700c\" class=\"wp-block-themeisle-blocks-button-group wp-block-buttons align-full-desktop\">\n<div id=\"wp-block-themeisle-blocks-button-e20c19cb\" class=\"wp-block-themeisle-blocks-button wp-block-button\"><a href=\"\" target=\"_self\" rel=\"noopener noreferrer\" class=\"wp-block-button__link\"><span><\/span><\/a><\/div>\n\n\n\n<div id=\"wp-block-themeisle-blocks-button-e4ca4ac7\" class=\"wp-block-themeisle-blocks-button wp-block-button\"><a href=\"\" target=\"_self\" rel=\"noopener noreferrer\" class=\"wp-block-button__link\"><i class=\"fas fa-fw fa-envelope margin-right\"><\/i><span>info@miglab.umcs.pl<\/span><\/a><\/div>\n<\/div>\n\n\n\n<div id=\"wp-block-themeisle-blocks-button-group-460ba6d0\" class=\"wp-block-themeisle-blocks-button-group wp-block-buttons align-full-desktop\">\n<div id=\"wp-block-themeisle-blocks-button-75d72825\" class=\"wp-block-themeisle-blocks-button wp-block-button\"><a href=\"\" target=\"_self\" rel=\"noopener noreferrer\" class=\"wp-block-button__link\"><span><\/span><\/a><\/div>\n\n\n\n<div id=\"wp-block-themeisle-blocks-button-5c9e97d4\" class=\"wp-block-themeisle-blocks-button wp-block-button is-style-fill\"><a href=\"\" target=\"_self\" rel=\"noopener noreferrer\" class=\"wp-block-button__link\"><i class=\"fas fa-fw fa-map-marker-alt margin-right\"><\/i><span>Uniwersytet Marii Curie-Sk\u0142odowskiej<br>Wydzia\u0142 Filozofii i Socjologii<br>Instytut Socjologii<br>pl. M. Curie-Sk\u0142odowskiej 5<br>20-031 Lublin<\/span><\/a><\/div>\n<\/div>\n<\/div>\n\n\n\n<div id=\"wp-block-themeisle-blocks-advanced-column-10c9feb0\" class=\"wp-block-themeisle-blocks-advanced-column\"><div style=\"height:450px\" class=\"wp-block-themeisle-blocks-google-map\" id=\"wp-block-themeisle-blocks-google-map-6916829f\"><\/div>\n<script type=\"text\/javascript\">\n\t\/* <![CDATA[ *\/\n\t\tif ( ! window.themeisleGoogleMaps ) window.themeisleGoogleMaps =[];\n\t\twindow.themeisleGoogleMaps.push( { container: \"wp-block-themeisle-blocks-google-map-6916829f\", attributes: {\"id\":\"wp-block-themeisle-blocks-google-map-6916829f\",\"location\":\"Marii Curie-Sk\\u0142odowskiej 5, 20-400 Lublin, Polska\",\"latitude\":\"51.245184996097976\",\"longitude\":\"22.541013744027584\",\"type\":\"hybrid\",\"zoom\":18,\"height\":450,\"style\":\"standard\",\"draggable\":true,\"mapTypeControl\":true,\"zoomControl\":true,\"fullscreenControl\":true,\"streetViewControl\":true,\"markers\":[],\"hasCustomCSS\":false,\"customCSS\":\"\",\"otterConditions\":[]} } );\n\t\/* ]]> *\/\n<\/script>\n<\/div>\n<\/div><\/div>\n","protected":false},"excerpt":{"rendered":"","protected":false},"author":3,"featured_media":0,"parent":0,"menu_order":0,"comment_status":"closed","ping_status":"closed","template":"","meta":{"_themeisle_gutenberg_block_has_review":false,"footnotes":""},"class_list":["post-148","page","type-page","status-publish"],"translation":{"provider":"WPGlobus","version":"3.0.2","language":"pl","enabled_languages":["en","pl"],"languages":{"en":{"title":true,"content":true,"excerpt":false},"pl":{"title":false,"content":false,"excerpt":false}}},"yoast_head":"<!-- This site is optimized with the Yoast SEO plugin v27.2 - https:\/\/yoast.com\/product\/yoast-seo-wordpress\/ -->\n<title>Contact - MigLab<\/title>\n<meta name=\"robots\" content=\"index, follow, max-snippet:-1, max-image-preview:large, max-video-preview:-1\" \/>\n<link rel=\"canonical\" href=\"https:\/\/miglab.umcs.pl\/index.php\/kontakt\/\" \/>\n<meta property=\"og:locale\" content=\"pl_PL\" \/>\n<meta property=\"og:type\" content=\"article\" \/>\n<meta property=\"og:title\" content=\"Contact - MigLab\" \/>\n<meta property=\"og:url\" content=\"https:\/\/miglab.umcs.pl\/index.php\/kontakt\/\" \/>\n<meta property=\"og:site_name\" content=\"MigLab\" \/>\n<meta property=\"article:modified_time\" content=\"2022-09-26T20:47:00+00:00\" \/>\n<meta name=\"twitter:card\" content=\"summary_large_image\" \/>\n<meta name=\"twitter:label1\" content=\"Szacowany czas czytania\" \/>\n\t<meta name=\"twitter:data1\" content=\"1 minuta\" \/>\n<script type=\"application\/ld+json\" class=\"yoast-schema-graph\">{\"@context\":\"https:\/\/schema.org\",\"@graph\":[{\"@type\":\"WebPage\",\"@id\":\"https:\/\/miglab.umcs.pl\/index.php\/kontakt\/\",\"url\":\"https:\/\/miglab.umcs.pl\/index.php\/kontakt\/\",\"name\":\"Contact - MigLab\",\"isPartOf\":{\"@id\":\"https:\/\/miglab.umcs.pl\/#website\"},\"datePublished\":\"2020-03-26T01:54:11+00:00\",\"dateModified\":\"2022-09-26T20:47:00+00:00\",\"description\":\"Na tej stronie skontaktujesz si\u0119 z nami, wy\u015blesz maila, sprawdzisz adres, zobaczysz map\u0119 dojazdu, miejsce, gdzie pracujemy.\",\"breadcrumb\":{\"@id\":\"https:\/\/miglab.umcs.pl\/index.php\/kontakt\/#breadcrumb\"},\"inLanguage\":\"pl-PL\",\"potentialAction\":[{\"@type\":\"ReadAction\",\"target\":[\"https:\/\/miglab.umcs.pl\/index.php\/kontakt\/\"]}]},{\"@type\":\"BreadcrumbList\",\"@id\":\"https:\/\/miglab.umcs.pl\/index.php\/kontakt\/#breadcrumb\",\"itemListElement\":[{\"@type\":\"ListItem\",\"position\":1,\"name\":\"Strona g\u0142\u00f3wna\",\"item\":\"https:\/\/miglab.umcs.pl\/\"},{\"@type\":\"ListItem\",\"position\":2,\"name\":\"Contact\"}]},{\"@type\":\"WebSite\",\"@id\":\"https:\/\/miglab.umcs.pl\/#website\",\"url\":\"https:\/\/miglab.umcs.pl\/\",\"name\":\"MigLab\",\"description\":\"Zesp\u00f3\u0142 Badawczy: Procesy migracyjne w perspektywie lokalnej\",\"publisher\":{\"@id\":\"https:\/\/miglab.umcs.pl\/#organization\"},\"potentialAction\":[{\"@type\":\"SearchAction\",\"target\":{\"@type\":\"EntryPoint\",\"urlTemplate\":\"https:\/\/miglab.umcs.pl\/?s={search_term_string}\"},\"query-input\":{\"@type\":\"PropertyValueSpecification\",\"valueRequired\":true,\"valueName\":\"search_term_string\"}}],\"inLanguage\":\"pl-PL\"},{\"@type\":\"Organization\",\"@id\":\"https:\/\/miglab.umcs.pl\/#organization\",\"name\":\"MigLab\",\"url\":\"https:\/\/miglab.umcs.pl\/\",\"logo\":{\"@type\":\"ImageObject\",\"inLanguage\":\"pl-PL\",\"@id\":\"https:\/\/miglab.umcs.pl\/#\/schema\/logo\/image\/\",\"url\":\"https:\/\/miglab.umcs.pl\/wp-content\/uploads\/2024\/03\/logo-miglab-vector-path-umcs1.svg\",\"contentUrl\":\"https:\/\/miglab.umcs.pl\/wp-content\/uploads\/2024\/03\/logo-miglab-vector-path-umcs1.svg\",\"width\":300,\"height\":120,\"caption\":\"MigLab\"},\"image\":{\"@id\":\"https:\/\/miglab.umcs.pl\/#\/schema\/logo\/image\/\"}}]}<\/script>\n<!-- \/ Yoast SEO plugin. -->","yoast_head_json":{"title":"Contact - MigLab","robots":{"index":"index","follow":"follow","max-snippet":"max-snippet:-1","max-image-preview":"max-image-preview:large","max-video-preview":"max-video-preview:-1"},"canonical":"https:\/\/miglab.umcs.pl\/index.php\/kontakt\/","og_locale":"pl_PL","og_type":"article","og_title":"Contact - MigLab","og_url":"https:\/\/miglab.umcs.pl\/index.php\/kontakt\/","og_site_name":"MigLab","article_modified_time":"2022-09-26T20:47:00+00:00","twitter_card":"summary_large_image","twitter_misc":{"Szacowany czas czytania":"1 minuta"},"schema":{"@context":"https:\/\/schema.org","@graph":[{"@type":"WebPage","@id":"https:\/\/miglab.umcs.pl\/index.php\/kontakt\/","url":"https:\/\/miglab.umcs.pl\/index.php\/kontakt\/","name":"Contact - MigLab","isPartOf":{"@id":"https:\/\/miglab.umcs.pl\/#website"},"datePublished":"2020-03-26T01:54:11+00:00","dateModified":"2022-09-26T20:47:00+00:00","description":"Na tej stronie skontaktujesz si\u0119 z nami, wy\u015blesz maila, sprawdzisz adres, zobaczysz map\u0119 dojazdu, miejsce, gdzie pracujemy.","breadcrumb":{"@id":"https:\/\/miglab.umcs.pl\/index.php\/kontakt\/#breadcrumb"},"inLanguage":"pl-PL","potentialAction":[{"@type":"ReadAction","target":["https:\/\/miglab.umcs.pl\/index.php\/kontakt\/"]}]},{"@type":"BreadcrumbList","@id":"https:\/\/miglab.umcs.pl\/index.php\/kontakt\/#breadcrumb","itemListElement":[{"@type":"ListItem","position":1,"name":"Strona g\u0142\u00f3wna","item":"https:\/\/miglab.umcs.pl\/"},{"@type":"ListItem","position":2,"name":"Contact"}]},{"@type":"WebSite","@id":"https:\/\/miglab.umcs.pl\/#website","url":"https:\/\/miglab.umcs.pl\/","name":"MigLab","description":"Zesp\u00f3\u0142 Badawczy: Procesy migracyjne w perspektywie lokalnej","publisher":{"@id":"https:\/\/miglab.umcs.pl\/#organization"},"potentialAction":[{"@type":"SearchAction","target":{"@type":"EntryPoint","urlTemplate":"https:\/\/miglab.umcs.pl\/?s={search_term_string}"},"query-input":{"@type":"PropertyValueSpecification","valueRequired":true,"valueName":"search_term_string"}}],"inLanguage":"pl-PL"},{"@type":"Organization","@id":"https:\/\/miglab.umcs.pl\/#organization","name":"MigLab","url":"https:\/\/miglab.umcs.pl\/","logo":{"@type":"ImageObject","inLanguage":"pl-PL","@id":"https:\/\/miglab.umcs.pl\/#\/schema\/logo\/image\/","url":"https:\/\/miglab.umcs.pl\/wp-content\/uploads\/2024\/03\/logo-miglab-vector-path-umcs1.svg","contentUrl":"https:\/\/miglab.umcs.pl\/wp-content\/uploads\/2024\/03\/logo-miglab-vector-path-umcs1.svg","width":300,"height":120,"caption":"MigLab"},"image":{"@id":"https:\/\/miglab.umcs.pl\/#\/schema\/logo\/image\/"}}]}},"_links":{"self":[{"href":"https:\/\/miglab.umcs.pl\/pl\/index.php\/wp-json\/wp\/v2\/pages\/148","targetHints":{"allow":["GET"]}}],"collection":[{"href":"https:\/\/miglab.umcs.pl\/pl\/index.php\/wp-json\/wp\/v2\/pages"}],"about":[{"href":"https:\/\/miglab.umcs.pl\/pl\/index.php\/wp-json\/wp\/v2\/types\/page"}],"author":[{"embeddable":true,"href":"https:\/\/miglab.umcs.pl\/pl\/index.php\/wp-json\/wp\/v2\/users\/3"}],"replies":[{"embeddable":true,"href":"https:\/\/miglab.umcs.pl\/pl\/index.php\/wp-json\/wp\/v2\/comments?post=148"}],"version-history":[{"count":9,"href":"https:\/\/miglab.umcs.pl\/pl\/index.php\/wp-json\/wp\/v2\/pages\/148\/revisions"}],"predecessor-version":[{"id":619,"href":"https:\/\/miglab.umcs.pl\/pl\/index.php\/wp-json\/wp\/v2\/pages\/148\/revisions\/619"}],"wp:attachment":[{"href":"https:\/\/miglab.umcs.pl\/pl\/index.php\/wp-json\/wp\/v2\/media?parent=148"}],"curies":[{"name":"wp","href":"https:\/\/api.w.org\/{rel}","templated":true}]}}